{"id":214,"date":"2023-02-09T15:29:13","date_gmt":"2023-02-09T15:29:13","guid":{"rendered":"https:\/\/temaswp.biosurfit.com\/?page_id=214"},"modified":"2023-09-19T21:22:30","modified_gmt":"2023-09-19T20:22:30","slug":"listagem","status":"publish","type":"page","link":"https:\/\/mylab.care\/index.php\/listagem\/","title":{"rendered":"Acordos"},"content":{"rendered":"\n<div class=\"wp-block-ive-ibtana-visual-editorheading\"><div class=\"ive-advanced-text-wrap ive-div-advance-text_d3b1be-80 undefined text-start text-md-start text-lg-start text-xl-start\"><h1 class=\"ive-heading-parent undefined ive-advanced-text-inner-wrap ive-adv-advance-text_d3b1be-80 ive-lh-xs-30 ive-lh-sm-30 ive-lh-md-30 ive-lh-lg-30 ive-lh-xl-30\" id=\"ive-adv-advance-text_d3b1be-80\">Acordos<\/h1><\/div><\/div>\n\n\n\n<div class=\"wp-block-ive-ibtana-visual-editorheading\"><div class=\"ive-advanced-text-wrap ive-div-advance-text_0420c7-a4 undefined text-center text-md-center text-lg-start text-xl-start\"><h4 class=\"ive-heading-parent undefined ive-advanced-text-inner-wrap ive-adv-advance-text_0420c7-a4 ive-lh-xs-30 ive-lh-sm-30 ive-lh-md-30 ive-lh-lg-30 ive-lh-xl-30\" id=\"ive-adv-advance-text_0420c7-a4\"><br><br><strong>Consulte aqui todos os acordos e protocolos que temos dispon\u00edveis*:<\/strong><\/h4><\/div><\/div>\n\n\n\n<div class=\"wp-block-cover is-light\" style=\"min-height:173px;aspect-ratio:unset;\"><span aria-hidden=\"true\" class=\"wp-block-cover__background has-white-background-color has-background-dim-0 has-background-dim\"><\/span><div class=\"wp-block-cover__inner-container is-layout-flow wp-block-cover-is-layout-flow\">\n<p class=\"has-text-align-center has-white-background-color has-background has-small-font-size\"><\/p>\n\n\n\n<div class=\"wp-block-columns is-layout-flex wp-container-core-columns-is-layout-9d6595d7 wp-block-columns-is-layout-flex\">\n<div class=\"wp-block-column is-layout-flow wp-block-column-is-layout-flow\"><div class=\"wp-block-image\">\n<figure class=\"aligncenter size-full is-resized\"><img loading=\"lazy\" decoding=\"async\" src=\"https:\/\/temaswp.biosurfit.com\/wp-content\/uploads\/2023\/02\/image-2.png\" alt=\"\" class=\"wp-image-279\" width=\"183\" height=\"42\" srcset=\"https:\/\/mylab.care\/wp-content\/uploads\/2023\/02\/image-2.png 395w, https:\/\/mylab.care\/wp-content\/uploads\/2023\/02\/image-2-300x71.png 300w\" sizes=\"auto, (max-width: 183px) 100vw, 183px\" \/><\/figure>\n<\/div><\/div>\n\n\n\n<div class=\"wp-block-column is-layout-flow wp-block-column-is-layout-flow\">\n<figure class=\"wp-block-gallery aligncenter has-nested-images columns-default is-cropped wp-block-gallery-1 is-layout-flex wp-block-gallery-is-layout-flex\">\n<figure class=\"wp-block-image size-full\"><img loading=\"lazy\" decoding=\"async\" width=\"466\" height=\"77\" data-id=\"278\" src=\"https:\/\/mylab.care\/wp-content\/uploads\/2023\/02\/image-1.png\" alt=\"\" class=\"wp-image-278\" srcset=\"https:\/\/mylab.care\/wp-content\/uploads\/2023\/02\/image-1.png 466w, https:\/\/mylab.care\/wp-content\/uploads\/2023\/02\/image-1-300x50.png 300w\" sizes=\"auto, (max-width: 466px) 100vw, 466px\" \/><\/figure>\n<\/figure>\n<\/div>\n\n\n\n<div class=\"wp-block-column is-layout-flow wp-block-column-is-layout-flow\"><div class=\"wp-block-image\">\n<figure class=\"aligncenter size-full is-resized\"><img loading=\"lazy\" decoding=\"async\" src=\"https:\/\/temaswp.biosurfit.com\/wp-content\/uploads\/2023\/04\/sns24.jpg\" alt=\"\" class=\"wp-image-992\" width=\"157\" height=\"87\" srcset=\"https:\/\/mylab.care\/wp-content\/uploads\/2023\/04\/sns24.jpg 900w, https:\/\/mylab.care\/wp-content\/uploads\/2023\/04\/sns24-300x169.jpg 300w, https:\/\/mylab.care\/wp-content\/uploads\/2023\/04\/sns24-768x432.jpg 768w\" sizes=\"auto, (max-width: 157px) 100vw, 157px\" \/><\/figure>\n<\/div><\/div>\n<\/div>\n\n\n\n<div class=\"wp-block-columns is-layout-flex wp-container-core-columns-is-layout-9d6595d7 wp-block-columns-is-layout-flex\">\n<div class=\"wp-block-column is-layout-flow wp-block-column-is-layout-flow\"><div class=\"wp-block-image\">\n<figure class=\"aligncenter size-large is-resized\"><img loading=\"lazy\" decoding=\"async\" src=\"https:\/\/temaswp.biosurfit.com\/wp-content\/uploads\/2023\/04\/1200px-Logo_Policia_de_Seguranca_Publica.svg_-1024x218.png\" alt=\"\" class=\"wp-image-1003\" width=\"115\" height=\"24\" srcset=\"https:\/\/mylab.care\/wp-content\/uploads\/2023\/04\/1200px-Logo_Policia_de_Seguranca_Publica.svg_-1024x218.png 1024w, https:\/\/mylab.care\/wp-content\/uploads\/2023\/04\/1200px-Logo_Policia_de_Seguranca_Publica.svg_-300x64.png 300w, https:\/\/mylab.care\/wp-content\/uploads\/2023\/04\/1200px-Logo_Policia_de_Seguranca_Publica.svg_-768x163.png 768w, https:\/\/mylab.care\/wp-content\/uploads\/2023\/04\/1200px-Logo_Policia_de_Seguranca_Publica.svg_.png 1200w\" sizes=\"auto, (max-width: 115px) 100vw, 115px\" \/><\/figure>\n<\/div><\/div>\n\n\n\n<div class=\"wp-block-column is-layout-flow wp-block-column-is-layout-flow\"><div class=\"wp-block-image\">\n<figure class=\"aligncenter size-full is-resized\"><img loading=\"lazy\" decoding=\"async\" src=\"https:\/\/temaswp.biosurfit.com\/wp-content\/uploads\/2023\/04\/saude_sams_quadros-edited.png\" alt=\"\" class=\"wp-image-1006\" width=\"112\" height=\"69\" srcset=\"https:\/\/mylab.care\/wp-content\/uploads\/2023\/04\/saude_sams_quadros-edited.png 274w, https:\/\/mylab.care\/wp-content\/uploads\/2023\/04\/saude_sams_quadros-edited-240x145.png 240w\" sizes=\"auto, (max-width: 112px) 100vw, 112px\" \/><\/figure>\n<\/div><\/div>\n\n\n\n<div class=\"wp-block-column is-layout-flow wp-block-column-is-layout-flow\"><div class=\"wp-block-image\">\n<figure class=\"aligncenter size-full is-resized\"><img loading=\"lazy\" decoding=\"async\" src=\"https:\/\/temaswp.biosurfit.com\/wp-content\/uploads\/2023\/04\/transferir.png\" alt=\"\" class=\"wp-image-994\" width=\"186\" height=\"52\" srcset=\"https:\/\/mylab.care\/wp-content\/uploads\/2023\/04\/transferir.png 422w, https:\/\/mylab.care\/wp-content\/uploads\/2023\/04\/transferir-300x85.png 300w\" sizes=\"auto, (max-width: 186px) 100vw, 186px\" \/><\/figure>\n<\/div><\/div>\n<\/div>\n\n\n\n<div class=\"wp-block-columns is-layout-flex wp-container-core-columns-is-layout-9d6595d7 wp-block-columns-is-layout-flex\">\n<div class=\"wp-block-column is-layout-flow wp-block-column-is-layout-flow\"><div class=\"wp-block-image\">\n<figure class=\"aligncenter size-large is-resized\"><img loading=\"lazy\" decoding=\"async\" src=\"https:\/\/temaswp.biosurfit.com\/wp-content\/uploads\/2023\/04\/Allianz_Care_Positive_RGB-1024x172.png\" alt=\"\" class=\"wp-image-1004\" width=\"197\" height=\"32\" srcset=\"https:\/\/mylab.care\/wp-content\/uploads\/2023\/04\/Allianz_Care_Positive_RGB-1024x172.png 1024w, https:\/\/mylab.care\/wp-content\/uploads\/2023\/04\/Allianz_Care_Positive_RGB-300x50.png 300w, https:\/\/mylab.care\/wp-content\/uploads\/2023\/04\/Allianz_Care_Positive_RGB-768x129.png 768w, https:\/\/mylab.care\/wp-content\/uploads\/2023\/04\/Allianz_Care_Positive_RGB-1536x258.png 1536w, https:\/\/mylab.care\/wp-content\/uploads\/2023\/04\/Allianz_Care_Positive_RGB-2048x343.png 2048w\" sizes=\"auto, (max-width: 197px) 100vw, 197px\" \/><\/figure>\n<\/div><\/div>\n\n\n\n<div class=\"wp-block-column is-layout-flow wp-block-column-is-layout-flow\"><div class=\"wp-block-image\">\n<figure class=\"aligncenter size-full is-resized\"><img loading=\"lazy\" decoding=\"async\" src=\"https:\/\/temaswp.biosurfit.com\/wp-content\/uploads\/2023\/04\/logo-RNA-edited-1.png\" alt=\"\" class=\"wp-image-1008\" width=\"123\" height=\"76\" srcset=\"https:\/\/mylab.care\/wp-content\/uploads\/2023\/04\/logo-RNA-edited-1.png 400w, https:\/\/mylab.care\/wp-content\/uploads\/2023\/04\/logo-RNA-edited-1-300x188.png 300w\" sizes=\"auto, (max-width: 123px) 100vw, 123px\" \/><\/figure>\n<\/div><\/div>\n\n\n\n<div class=\"wp-block-column is-layout-flow wp-block-column-is-layout-flow\"><div class=\"wp-block-image\">\n<figure class=\"aligncenter size-large is-resized\"><img loading=\"lazy\" decoding=\"async\" src=\"https:\/\/temaswp.biosurfit.com\/wp-content\/uploads\/2023\/04\/Logo-Multicare-1024x308.png\" alt=\"\" class=\"wp-image-999\" width=\"194\" height=\"58\" srcset=\"https:\/\/mylab.care\/wp-content\/uploads\/2023\/04\/Logo-Multicare-1024x308.png 1024w, https:\/\/mylab.care\/wp-content\/uploads\/2023\/04\/Logo-Multicare-300x90.png 300w, https:\/\/mylab.care\/wp-content\/uploads\/2023\/04\/Logo-Multicare-768x231.png 768w, https:\/\/mylab.care\/wp-content\/uploads\/2023\/04\/Logo-Multicare-1536x463.png 1536w, https:\/\/mylab.care\/wp-content\/uploads\/2023\/04\/Logo-Multicare-2048x617.png 2048w\" sizes=\"auto, (max-width: 194px) 100vw, 194px\" \/><\/figure>\n<\/div><\/div>\n<\/div>\n\n\n\n<div class=\"wp-block-columns is-layout-flex wp-container-core-columns-is-layout-9d6595d7 wp-block-columns-is-layout-flex\">\n<div class=\"wp-block-column is-layout-flow wp-block-column-is-layout-flow\"><div class=\"wp-block-image\">\n<figure class=\"aligncenter size-full is-resized\"><img loading=\"lazy\" decoding=\"async\" src=\"https:\/\/temaswp.biosurfit.com\/wp-content\/uploads\/2023\/04\/logo-ADSE-e1501771532407.png\" alt=\"\" class=\"wp-image-1000\" width=\"114\" height=\"72\" srcset=\"https:\/\/mylab.care\/wp-content\/uploads\/2023\/04\/logo-ADSE-e1501771532407.png 560w, https:\/\/mylab.care\/wp-content\/uploads\/2023\/04\/logo-ADSE-e1501771532407-300x190.png 300w\" sizes=\"auto, (max-width: 114px) 100vw, 114px\" \/><\/figure>\n<\/div><\/div>\n\n\n\n<div class=\"wp-block-column is-layout-flow wp-block-column-is-layout-flow\"><div class=\"wp-block-image\">\n<figure class=\"aligncenter size-full is-resized\"><img loading=\"lazy\" decoding=\"async\" src=\"https:\/\/temaswp.biosurfit.com\/wp-content\/uploads\/2023\/04\/FHC_logo_upd-768x543-1.png\" alt=\"\" class=\"wp-image-1001\" width=\"186\" height=\"131\" srcset=\"https:\/\/mylab.care\/wp-content\/uploads\/2023\/04\/FHC_logo_upd-768x543-1.png 768w, https:\/\/mylab.care\/wp-content\/uploads\/2023\/04\/FHC_logo_upd-768x543-1-300x212.png 300w\" sizes=\"auto, (max-width: 186px) 100vw, 186px\" \/><\/figure>\n<\/div><\/div>\n\n\n\n<div class=\"wp-block-column is-layout-flow wp-block-column-is-layout-flow\"><div class=\"wp-block-image\">\n<figure class=\"aligncenter size-full is-resized\"><img loading=\"lazy\" decoding=\"async\" src=\"https:\/\/mylab.care\/wp-content\/uploads\/2023\/06\/admg-1_0-300x240-1.png\" alt=\"\" class=\"wp-image-1463\" width=\"110\" height=\"496\"\/><\/figure>\n<\/div><\/div>\n<\/div>\n\n\n\n<div class=\"wp-block-columns is-layout-flex wp-container-core-columns-is-layout-9d6595d7 wp-block-columns-is-layout-flex\">\n<div class=\"wp-block-column is-layout-flow wp-block-column-is-layout-flow\"><\/div>\n\n\n\n<div class=\"wp-block-column is-layout-flow wp-block-column-is-layout-flow\"><\/div>\n\n\n\n<div class=\"wp-block-column is-layout-flow wp-block-column-is-layout-flow\"><\/div>\n<\/div>\n<\/div><\/div>\n\n\n\n<p class=\"has-text-color has-small-font-size\" style=\"color:#008181\"><strong>Os acordos e protocolos podem n\u00e3o estar dispon\u00edveis para todos os servi\u00e7os. Entre em contacto com o apoio ao cliente para mais informa\u00e7\u00f5es.<\/strong><\/p>\n\n\n\n<div style=\"height:17px\" aria-hidden=\"true\" class=\"wp-block-spacer\"><\/div>\n\n\n\n<p class=\"has-black-color has-text-color has-small-font-size\"><\/p>\n","protected":false},"excerpt":{"rendered":"<p>Os acordos e protocolos podem n\u00e3o estar dispon\u00edveis para todos os servi\u00e7os. Entre em contacto com o apoio ao cliente para mais informa\u00e7\u00f5es.<\/p>\n","protected":false},"author":1,"featured_media":0,"parent":0,"menu_order":0,"comment_status":"closed","ping_status":"closed","template":"","meta":{"_regular_price":[],"currency_symbol":[],"om_disable_all_campaigns":false,"_monsterinsights_skip_tracking":false,"_monsterinsights_sitenote_active":false,"_monsterinsights_sitenote_note":"","_monsterinsights_sitenote_category":0,"footnotes":""},"class_list":["post-214","page","type-page","status-publish","hentry"],"aioseo_notices":[],"post_slider_layout_featured_media_urls":{"thumbnail":"","post_slider_layout_landscape_large":"","post_slider_layout_portrait_large":"","post_slider_layout_square_large":"","post_slider_layout_landscape":"","post_slider_layout_portrait":"","post_slider_layout_square":"","full":""},"_links":{"self":[{"href":"https:\/\/mylab.care\/index.php\/wp-json\/wp\/v2\/pages\/214","targetHints":{"allow":["GET"]}}],"collection":[{"href":"https:\/\/mylab.care\/index.php\/wp-json\/wp\/v2\/pages"}],"about":[{"href":"https:\/\/mylab.care\/index.php\/wp-json\/wp\/v2\/types\/page"}],"author":[{"embeddable":true,"href":"https:\/\/mylab.care\/index.php\/wp-json\/wp\/v2\/users\/1"}],"replies":[{"embeddable":true,"href":"https:\/\/mylab.care\/index.php\/wp-json\/wp\/v2\/comments?post=214"}],"version-history":[{"count":21,"href":"https:\/\/mylab.care\/index.php\/wp-json\/wp\/v2\/pages\/214\/revisions"}],"predecessor-version":[{"id":1904,"href":"https:\/\/mylab.care\/index.php\/wp-json\/wp\/v2\/pages\/214\/revisions\/1904"}],"wp:attachment":[{"href":"https:\/\/mylab.care\/index.php\/wp-json\/wp\/v2\/media?parent=214"}],"curies":[{"name":"wp","href":"https:\/\/api.w.org\/{rel}","templated":true}]}}