{"id":213,"date":"2023-02-09T15:29:13","date_gmt":"2023-02-09T15:29:13","guid":{"rendered":"https:\/\/temaswp.biosurfit.com\/?page_id=213"},"modified":"2023-10-06T14:32:05","modified_gmt":"2023-10-06T13:32:05","slug":"servicos-enfermagem","status":"publish","type":"page","link":"https:\/\/mylab.care\/index.php\/servicos-enfermagem\/","title":{"rendered":"Servi\u00e7os Enfermagem"},"content":{"rendered":"\n<p><\/p>\n\n\n\n<div class=\"wp-block-ive-ibtana-visual-editorheading\"><div class=\"ive-advanced-text-wrap ive-div-advance-text_8274da-af undefined text-start text-md-start text-lg-start text-xl-start\"><h1 class=\"ive-heading-parent undefined ive-advanced-text-inner-wrap ive-adv-advance-text_8274da-af ive-lh-xs-30 ive-lh-sm-30 ive-lh-md-30 ive-lh-lg-30 ive-lh-xl-30\" id=\"ive-adv-advance-text_8274da-af\">Servi\u00e7os Enfermagem<\/h1><\/div><\/div>\n\n\n\n<div class=\"wp-block-columns alignwide is-layout-flex wp-container-core-columns-is-layout-9d6595d7 wp-block-columns-is-layout-flex\">\n<div class=\"wp-block-column has-white-background-color has-background is-layout-flow wp-block-column-is-layout-flow\" style=\"flex-basis:28%\">\n<figure class=\"wp-block-image alignwide size-full is-style-default\"><img loading=\"lazy\" decoding=\"async\" width=\"500\" height=\"500\" src=\"https:\/\/mylab.care\/wp-content\/uploads\/2023\/06\/23.png\" alt=\"\" class=\"wp-image-1466\" srcset=\"https:\/\/mylab.care\/wp-content\/uploads\/2023\/06\/23.png 500w, https:\/\/mylab.care\/wp-content\/uploads\/2023\/06\/23-300x300.png 300w, https:\/\/mylab.care\/wp-content\/uploads\/2023\/06\/23-150x150.png 150w\" sizes=\"auto, (max-width: 500px) 100vw, 500px\" \/><\/figure>\n<\/div>\n\n\n\n<div class=\"wp-block-column has-white-background-color has-background has-small-font-size is-layout-flow wp-block-column-is-layout-flow\" style=\"flex-basis:67%\">\n<div class=\"wp-block-ive-ibtana-visual-editorheading\"><div class=\"ive-advanced-text-wrap ive-div-advance-text_7eb4e7-a4 undefined text-center text-md-center text-lg-start text-xl-start\"><h2 class=\"ive-heading-parent undefined ive-advanced-text-inner-wrap ive-adv-advance-text_7eb4e7-a4 ive-lh-xs-30 ive-lh-sm-30 ive-lh-md-30 ive-lh-lg-30 ive-lh-xl-30\" id=\"ive-adv-advance-text_7eb4e7-a4\"><br><br>Na sua unidade de Sa\u00fade temos uma equipa de profissionais de sa\u00fade experiente onde o principal objetivo \u00e9 promover a sa\u00fade e bem-estar e melhorar a qualidade de vida de todos.<br>Os nossos servi\u00e7os de enfermagem est\u00e3o dispon\u00edveis para todas as faixas et\u00e1rias e incluem o seguinte:<br><br><\/h2><\/div><\/div>\n\n\n\n<div style=\"height:0px\" aria-hidden=\"true\" class=\"wp-block-spacer\"><\/div>\n\n\n\n<div class=\"wp-block-columns is-layout-flex wp-container-core-columns-is-layout-9d6595d7 wp-block-columns-is-layout-flex\">\n<div class=\"wp-block-column is-layout-flow wp-block-column-is-layout-flow\" style=\"flex-basis:100%\">\n<div class=\"wp-block-columns is-layout-flex wp-container-core-columns-is-layout-9d6595d7 wp-block-columns-is-layout-flex\">\n<div class=\"wp-block-column is-layout-flow wp-block-column-is-layout-flow\">\n<figure class=\"wp-block-table is-style-regular\"><table class=\"has-white-background-color has-text-color has-background has-fixed-layout\" style=\"color:#008181\"><thead><tr><th class=\"has-text-align-left\" data-align=\"left\"><em>Administra\u00e7\u00e3o de medicamentos<\/em><\/th><\/tr><\/thead><tbody><tr><td class=\"has-text-align-left\" data-align=\"left\">\u2713 Administra\u00e7\u00e3o de Medica\u00e7\u00e3o Subcut\u00e2nea<br>\u2713 Administra\u00e7\u00e3o de Medica\u00e7\u00e3o Intramuscular<br>\u2713 Administra\u00e7\u00e3o de Medica\u00e7\u00e3o Intrad\u00e9rmica<br>\u2713 Administra\u00e7\u00e3o de Medica\u00e7\u00e3o Endovenosa<br><br><br><br><\/td><\/tr><tr><td class=\"has-text-align-left\" data-align=\"left\"><\/td><\/tr><\/tbody><\/table><\/figure>\n<\/div>\n\n\n\n<div class=\"wp-block-column is-layout-flow wp-block-column-is-layout-flow\">\n<figure class=\"wp-block-table is-style-regular\"><table class=\"has-white-background-color has-text-color has-background has-fixed-layout\" style=\"color:#008181\"><thead><tr><th class=\"has-text-align-left\" data-align=\"left\"><br><em>Pensos<\/em><\/th><\/tr><\/thead><tbody><tr><td class=\"has-text-align-left\" data-align=\"left\">\u2713 Penso Grande<br>\u2713 Penso M\u00e9dio<br>\u2713 Penso Pequeno<br>\u2713 Ligaduras<br>\u2713 Retirar Pontos e agrafos<br><br><br><br><br><br><br><br><br><br><\/td><\/tr><tr><td class=\"has-text-align-left\" data-align=\"left\"><\/td><\/tr><\/tbody><\/table><\/figure>\n<\/div>\n\n\n\n<div class=\"wp-block-column is-layout-flow wp-block-column-is-layout-flow\">\n<figure class=\"wp-block-table is-style-regular\"><table class=\"has-white-background-color has-text-color has-background\" style=\"color:#008181\"><thead><tr><th class=\"has-text-align-left\" data-align=\"left\"><br><em>Consultas<\/em><\/th><\/tr><\/thead><tbody><tr><td class=\"has-text-align-left\" data-align=\"left\">\u2713 Consulta de sa\u00fade infantil<br>\u2713 Consulta adulto<br>\u2713 Consulta Hipertens\u00e3o Arterial<br>\u2713 Consulta do diab\u00e9tico<br>\u2713 Consulta P\u00e9 diab\u00e9tico<br>\u2713 Educa\u00e7\u00e3o para a sa\u00fade<br><br><br><br><br><\/td><\/tr><tr><td class=\"has-text-align-left\" data-align=\"left\"><\/td><\/tr><\/tbody><\/table><\/figure>\n<\/div>\n\n\n\n<div class=\"wp-block-column is-layout-flow wp-block-column-is-layout-flow\">\n<figure class=\"wp-block-table\"><table class=\"has-white-background-color has-text-color has-background has-fixed-layout\" style=\"color:#008181\"><thead><tr><th class=\"has-text-align-left\" data-align=\"left\"><br><em>Avalia\u00e7\u00f5es | Diversos<\/em><\/th><\/tr><\/thead><tbody><tr><td class=\"has-text-align-left\" data-align=\"left\">\u2713 Avalia\u00e7\u00e3o Tens\u00e3o Arterial<br>\u2713 Avalia\u00e7\u00e3o Satura\u00e7\u00e3o de Oxig\u00eanio<br>\u2713 Peso e Composi\u00e7\u00e3o Corporal Adulto<br>\u2713 Pesagem Crian\u00e7a<br>\u2713 An\u00e1lises cl\u00ednicas domic\u00edlios<br><br><br><br><\/td><\/tr><tr><td class=\"has-text-align-left\" data-align=\"left\"><\/td><\/tr><\/tbody><\/table><\/figure>\n<\/div>\n<\/div>\n<\/div>\n<\/div>\n<\/div>\n<\/div>\n\n\n\n<div class=\"wp-block-ive-ibtana-visual-editorheading\"><div class=\"ive-advanced-text-wrap ive-div-advance-text_0cd863-19 undefined text-center text-md-center text-lg-start text-xl-start\"><h2 class=\"ive-heading-parent undefined ive-advanced-text-inner-wrap ive-adv-advance-text_0cd863-19 ive-lh-xs-30 ive-lh-sm-30 ive-lh-md-30 ive-lh-lg-30 ive-lh-xl-30\" id=\"ive-adv-advance-text_0cd863-19\">Da preven\u00e7\u00e3o \u00e0 monitoriza\u00e7\u00e3o, a nossa equipa de enfermagem est\u00e1 dispon\u00edvel para o ajudar a pensar na sua sa\u00fade de forma continuada e informada contribuindo assim para o seu bem-estar e melhoria na qualidade de vida.<br><\/h2><\/div><\/div>\n\n\n\n<div class=\"wp-block-group alignfull\"><div class=\"wp-block-group__inner-container is-layout-constrained wp-block-group-is-layout-constrained\">\n<div class=\"wp-block-group alignfull has-background has-small-font-size\" style=\"background-color:#7bdbb570\"><div class=\"wp-block-group__inner-container is-layout-constrained wp-block-group-is-layout-constrained\">\n<div style=\"height:9px\" aria-hidden=\"true\" class=\"wp-block-spacer\"><\/div>\n\n\n\n<div class=\"wp-block-cover alignwide is-light\" style=\"min-height:131px;aspect-ratio:unset;\"><span aria-hidden=\"true\" class=\"wp-block-cover__background has-light-green-cyan-background-color has-background-dim-0 has-background-dim\"><\/span><div class=\"wp-block-cover__inner-container is-layout-flow wp-block-cover-is-layout-flow\">\n<div class=\"wp-block-group alignwide has-text-color\" style=\"color:#000000\"><div class=\"wp-block-group__inner-container is-layout-flow wp-block-group-is-layout-flow\">\n<div class=\"wp-block-ive-ibtana-visual-editorheading\"><div class=\"ive-advanced-text-wrap ive-div-advance-text_4b8f18-70 undefined text-center text-md-center text-lg-start text-xl-start\"><h2 class=\"ive-heading-parent undefined ive-advanced-text-inner-wrap ive-adv-advance-text_4b8f18-70 ive-lh-xs-30 ive-lh-sm-30 ive-lh-md-30 ive-lh-lg-30 ive-lh-xl-30\" id=\"ive-adv-advance-text_4b8f18-70\"><strong>Servi\u00e7os dispon\u00edveis  em:<\/strong><\/h2><\/div><\/div>\n\n\n\n<div class=\"wp-block-columns is-layout-flex wp-container-core-columns-is-layout-9d6595d7 wp-block-columns-is-layout-flex\">\n<div class=\"wp-block-column is-layout-flow wp-block-column-is-layout-flow\"><\/div>\n\n\n\n<div class=\"wp-block-column is-layout-flow wp-block-column-is-layout-flow\">\n<div class=\"wp-block-ive-icon ive-svg-icons-block ive-svg-icons_769f71-31  justify-content-xl-center justify-content-lg-center justify-content-sm-center justify-content-center\"><div class=\"ive-svg-style-default ive-svg-icon-wrap ive-svg-item-0 ive-svg-icon-margin\"><a href=\"https:\/\/www.google.com\/maps?ll=38.742589,-9.145184&amp;z=12&amp;t=m&amp;hl=pt-PT&amp;gl=US&amp;mapclient=embed&amp;cid=15522012284147485415\" target=\"_blank\" rel=\"noopener\"><div class=\"ive-svg-icon-link ive_icon_main_parent ive_icon_parent_icon_padding0\" target=\"_blank\"><i class=\"ive_icon_parent0 fas fa-search-location ive_icon_parent_icon_size0\"><\/i><\/div><\/a><\/div><\/div>\n\n\n\n<div class=\"wp-block-ive-ibtana-visual-editorheading\"><div class=\"ive-advanced-text-wrap ive-div-advance-text_7616b6-be undefined text-center text-md-center text-lg-center text-xl-center\"><h2 class=\"ive-heading-parent undefined ive-advanced-text-inner-wrap ive-adv-advance-text_7616b6-be ive-lh-xs-30 ive-lh-sm-30 ive-lh-md-30 ive-lh-lg-30 ive-lh-xl-30\" id=\"ive-adv-advance-text_7616b6-be\"><strong>Cl\u00ednica Saldanha<\/strong><br>Rua Pinheiro chagas 19A <br>1050-174 Lisboa<\/h2><\/div><\/div>\n<\/div>\n\n\n\n<div class=\"wp-block-column is-layout-flow wp-block-column-is-layout-flow\"><\/div>\n<\/div>\n<\/div><\/div>\n<\/div><\/div>\n<\/div><\/div>\n<\/div><\/div>\n\n\n\n<div class=\"wp-block-group alignfull has-white-background-color has-background has-small-font-size\"><div class=\"wp-block-group__inner-container is-layout-constrained wp-block-group-is-layout-constrained\">\n<div style=\"height:41px\" aria-hidden=\"true\" class=\"wp-block-spacer\"><\/div>\n\n\n\n<div class=\"wp-block-cover is-light has-small-font-size\" style=\"min-height:128px;aspect-ratio:unset;\"><span aria-hidden=\"true\" class=\"wp-block-cover__background has-background-dim-0 has-background-dim\" style=\"background-color:#7bdbb5\"><\/span><div class=\"wp-block-cover__inner-container is-layout-flow wp-block-cover-is-layout-flow\">\n<div class=\"wp-block-columns is-layout-flex wp-container-core-columns-is-layout-9d6595d7 wp-block-columns-is-layout-flex\">\n<div class=\"wp-block-column is-layout-flow wp-block-column-is-layout-flow\"><\/div>\n\n\n\n<div class=\"wp-block-column is-layout-flow wp-block-column-is-layout-flow\">\n<div class=\"wp-block-ive-ibtana-visual-editorheading\"><div class=\"ive-advanced-text-wrap ive-div-advance-text_810017-af undefined text-center text-md-center text-lg-start text-xl-start\"><h2 class=\"ive-heading-parent undefined ive-advanced-text-inner-wrap ive-adv-advance-text_810017-af ive-lh-xs-30 ive-lh-sm-30 ive-lh-md-30 ive-lh-lg-30 ive-lh-xl-25\" id=\"ive-adv-advance-text_810017-af\"><strong>Para marcar a sua consulta, an\u00e1lises ou exames, ligue-nos ou fa\u00e7a a marca\u00e7\u00e3o online<\/strong><\/h2><\/div><\/div>\n<\/div>\n\n\n\n<div class=\"wp-block-column is-layout-flow wp-block-column-is-layout-flow\">\n<div class=\"wp-block-ive-ibtana-visual-editorbtn btn-inner-wrap ive-btn-main-parent_6932ca-f3\"><div class=\"ive-btn-wrap ive-btn-unique_6932ca-f3 undefined ive-btn-wrap-0 ive-btn-align  text-center text-sm-center text-lg-end text-xl-end \"><a class=\"anchrstyle ive-button-ad_6932ca-f3 ive-button-0 ive-btn-0-action ive-btn-svg-showalways ive-btn-has-text-true\" href=\"https:\/\/you.zappysoftware.com\/mylabcare\" target=\"_self\" rel=\"noreferrer noopener\"><span class=\"ive-btn-inner-text\"><div class=\"ive-right-icon-parent ive-button-icon-padding0\"><i class=\"fas fa-laptop\"><\/i><\/div>Marca\u00e7\u00e3o online <\/span><\/a><\/div><\/div>\n<\/div>\n\n\n\n<div class=\"wp-block-column is-layout-flow wp-block-column-is-layout-flow\">\n<div class=\"wp-block-ive-ibtana-visual-editorbtn btn-inner-wrap ive-btn-main-parent_c9a269-e5\"><div class=\"ive-btn-wrap ive-btn-unique_c9a269-e5 undefined ive-btn-wrap-0 ive-btn-align  text-center text-sm-center text-lg-start text-xl-start \"><a class=\"anchrstyle ive-button-ad_c9a269-e5 ive-button-0 ive-btn-0-action ive-btn-svg-showalways ive-btn-has-text-true\" href=\"https:\/\/mylab.care\/index.php\/fale-connosco\/\" target=\"_self\" rel=\"noreferrer noopener\"><span class=\"ive-btn-inner-text\"><div class=\"ive-right-icon-parent ive-button-icon-padding0\"><i class=\"fas fa-phone\"><\/i><\/div>Fale connosco<\/span><\/a><\/div><\/div>\n<\/div>\n\n\n\n<div class=\"wp-block-column is-layout-flow wp-block-column-is-layout-flow\"><\/div>\n<\/div>\n<\/div><\/div>\n<\/div><\/div>\n","protected":false},"excerpt":{"rendered":"<p>Administra\u00e7\u00e3o de medicamentos \u2713 Administra\u00e7\u00e3o de Medica\u00e7\u00e3o Subcut\u00e2nea\u2713 Administra\u00e7\u00e3o de Medica\u00e7\u00e3o Intramuscular\u2713 Administra\u00e7\u00e3o de Medica\u00e7\u00e3o Intrad\u00e9rmica\u2713 Administra\u00e7\u00e3o de Medica\u00e7\u00e3o Endovenosa Pensos \u2713 Penso Grande\u2713 Penso M\u00e9dio\u2713 Penso Pequeno\u2713 Ligaduras\u2713 Retirar Pontos e agrafos Consultas \u2713 Consulta de sa\u00fade infantil\u2713 Consulta adulto\u2713 Consulta Hipertens\u00e3o Arterial\u2713 Consulta do diab\u00e9tico\u2713 Consulta P\u00e9 diab\u00e9tico\u2713 Educa\u00e7\u00e3o para a sa\u00fade Avalia\u00e7\u00f5es &hellip; <\/p>\n<p class=\"link-more\"><a href=\"https:\/\/mylab.care\/index.php\/servicos-enfermagem\/\" class=\"more-link\">Continue reading<span class=\"screen-reader-text\"> &#8220;Servi\u00e7os Enfermagem&#8221;<\/span><\/a><\/p>\n","protected":false},"author":1,"featured_media":0,"parent":0,"menu_order":0,"comment_status":"closed","ping_status":"closed","template":"","meta":{"_regular_price":[],"currency_symbol":[],"om_disable_all_campaigns":false,"_monsterinsights_skip_tracking":false,"_monsterinsights_sitenote_active":false,"_monsterinsights_sitenote_note":"","_monsterinsights_sitenote_category":0,"footnotes":""},"class_list":["post-213","page","type-page","status-publish","hentry"],"aioseo_notices":[],"post_slider_layout_featured_media_urls":{"thumbnail":"","post_slider_layout_landscape_large":"","post_slider_layout_portrait_large":"","post_slider_layout_square_large":"","post_slider_layout_landscape":"","post_slider_layout_portrait":"","post_slider_layout_square":"","full":""},"_links":{"self":[{"href":"https:\/\/mylab.care\/index.php\/wp-json\/wp\/v2\/pages\/213","targetHints":{"allow":["GET"]}}],"collection":[{"href":"https:\/\/mylab.care\/index.php\/wp-json\/wp\/v2\/pages"}],"about":[{"href":"https:\/\/mylab.care\/index.php\/wp-json\/wp\/v2\/types\/page"}],"author":[{"embeddable":true,"href":"https:\/\/mylab.care\/index.php\/wp-json\/wp\/v2\/users\/1"}],"replies":[{"embeddable":true,"href":"https:\/\/mylab.care\/index.php\/wp-json\/wp\/v2\/comments?post=213"}],"version-history":[{"count":57,"href":"https:\/\/mylab.care\/index.php\/wp-json\/wp\/v2\/pages\/213\/revisions"}],"predecessor-version":[{"id":1988,"href":"https:\/\/mylab.care\/index.php\/wp-json\/wp\/v2\/pages\/213\/revisions\/1988"}],"wp:attachment":[{"href":"https:\/\/mylab.care\/index.php\/wp-json\/wp\/v2\/media?parent=213"}],"curies":[{"name":"wp","href":"https:\/\/api.w.org\/{rel}","templated":true}]}}